{"id":29483,"date":"2025-08-13T04:06:05","date_gmt":"2025-08-13T04:06:05","guid":{"rendered":"https:\/\/goldrez.com\/faq\/"},"modified":"2025-08-29T19:08:48","modified_gmt":"2025-08-29T19:08:48","slug":"faq","status":"publish","type":"page","link":"https:\/\/goldrez.com\/de\/faq\/","title":{"rendered":"FAQ"},"content":{"rendered":"\t\t<div data-elementor-type=\"wp-page\" data-elementor-id=\"29483\" class=\"elementor elementor-29483 elementor-29122\" data-elementor-post-type=\"page\">\n\t\t\t\t<div class=\"elementor-element elementor-element-b09ea57 e-con-full e-flex e-con e-child\" data-id=\"b09ea57\" data-element_type=\"container\">\n\t\t\t\t<div class=\"elementor-element elementor-element-84bfb92 wd-width-100 elementor-widget elementor-widget-wd_title\" data-id=\"84bfb92\" data-element_type=\"widget\" data-widget_type=\"wd_title.default\">\n\t\t\t\t<div class=\"elementor-widget-container\">\n\t\t\t\t\t\t\t<div class=\"title-wrapper wd-set-mb reset-last-child wd-title-color-default wd-title-style-default wd-title-size-default text-left\">\n\n\t\t\t\t\t\t\t\t\t\t\t<div class=\"title-subtitle subtitle-color-default subtitle-style-default wd-fontsize-xs\">\n\t\t\t\t\tWichtige Kundenfragen\t\t\t\t<\/div>\n\t\t\t\n\t\t\t<div class=\"liner-continer\">\n\t\t\t\t<h4 class=\"woodmart-title-container title wd-fontsize-l\">H\u00c4UFIG GESTELLTE FRAGEN<\/h4> \n\t\t\t\t\t\t\t<\/div>\n\n\t\t\t\t\t<\/div>\n\t\t\t\t\t\t<\/div>\n\t\t\t\t<\/div>\n\t\t\t\t<div class=\"elementor-element elementor-element-0409cc6 elementor-widget elementor-widget-wd_accordion\" data-id=\"0409cc6\" data-element_type=\"widget\" data-widget_type=\"wd_accordion.default\">\n\t\t\t\t<div class=\"elementor-widget-container\">\n\t\t\t\t\t\n\t\t<div class=\"wd-accordion wd-style-default wd-titles-left wd-opener-pos-right wd-opener-style-arrow\" data-state=\"first\">\n\t\t\t\t\t\t\t\n\t\t\t\t<div class=\"wd-accordion-item\">\n\t\t\t\t\t<div class=\"wd-accordion-title wd-role-btn wd-active\" data-accordion-index=\"0\" tabindex=\"0\">\n\t\t\t\t\t\t<div class=\"wd-accordion-title-text\">\n\t\t\t\t\t\t\t\t\t\t\t\t\t\t<span>\n\t\t\t\t\t\t\t\t1-Wie kann man GoldReZ vertrauen?\t\t\t\t\t\t\t<\/span>\n\t\t\t\t\t\t<\/div>\n\t\t\t\t\t\t<span class=\"wd-accordion-opener\"><\/span>\n\t\t\t\t\t<\/div>\n\n\t\t\t\t\t<div class=\"wd-accordion-content wd-entry-content wd-active\" data-accordion-index=\"0\">\n\t\t\t\t\t\t\t\t\t\t\t\t\t\n\t\t\t\t\t\t\t<p>Die GoldReZ-Website verf\u00fcgt \u00fcber ein elektronisches Vertrauenssymbol. Nach dem Start eines Online-Shops zeigt dieses Symbol an, dass jede Finanztransaktion mit dem ausgew\u00e4hlten Online-Shop vollst\u00e4ndig sicher, regelkonform und unter der Aufsicht von Aufsichtsbeh\u00f6rden ist.<\/p>\n\t\t\t\t\t\t\t\t\t\t\t\t\t\t\t\t\t\t<\/div>\n\t\t\t\t<\/div>\n\t\t\t\t\t\t\t\n\t\t\t\t<div class=\"wd-accordion-item\">\n\t\t\t\t\t<div class=\"wd-accordion-title wd-role-btn\" data-accordion-index=\"1\" tabindex=\"0\">\n\t\t\t\t\t\t<div class=\"wd-accordion-title-text\">\n\t\t\t\t\t\t\t\t\t\t\t\t\t\t<span>\n\t\t\t\t\t\t\t\t2-Ist es m\u00f6glich, bei GoldReZ Produkte individuell anfertigen zu lassen?\t\t\t\t\t\t\t<\/span>\n\t\t\t\t\t\t<\/div>\n\t\t\t\t\t\t<span class=\"wd-accordion-opener\"><\/span>\n\t\t\t\t\t<\/div>\n\n\t\t\t\t\t<div class=\"wd-accordion-content wd-entry-content\" data-accordion-index=\"1\">\n\t\t\t\t\t\t\t\t\t\t\t\t\t\n\t\t\t\t\t\t\t<p>Ja, die Anfertigung von Katalog- und individuellen Artikeln ist bei GoldReZ m\u00f6glich. Indem Sie Ihr gew\u00fcnschtes Foto senden oder \u00c4nderungen wie das Schneiden, Gravieren auf Gold, die Bestellung von Namensanh\u00e4ngern, Firmenbestellungen, Gro\u00dfmengen usw. anfragen, k\u00f6nnen viele Produkte auf der Website individuell angepasst werden.<\/p>\n\t\t\t\t\t\t\t\t\t\t\t\t\t\t\t\t\t\t<\/div>\n\t\t\t\t<\/div>\n\t\t\t\t\t\t\t\n\t\t\t\t<div class=\"wd-accordion-item\">\n\t\t\t\t\t<div class=\"wd-accordion-title wd-role-btn\" data-accordion-index=\"2\" tabindex=\"0\">\n\t\t\t\t\t\t<div class=\"wd-accordion-title-text\">\n\t\t\t\t\t\t\t\t\t\t\t\t\t\t<span>\n\t\t\t\t\t\t\t\t3-Wie funktioniert der Einkauf bei GoldReZ?\t\t\t\t\t\t\t<\/span>\n\t\t\t\t\t\t<\/div>\n\t\t\t\t\t\t<span class=\"wd-accordion-opener\"><\/span>\n\t\t\t\t\t<\/div>\n\n\t\t\t\t\t<div class=\"wd-accordion-content wd-entry-content\" data-accordion-index=\"2\">\n\t\t\t\t\t\t\t\t\t\t\t\t\t\n\t\t\t\t\t\t\t<p>Nachdem Sie den gew\u00fcnschten Artikel ausgew\u00e4hlt haben, legen Sie ihn in Ihren Warenkorb und fahren Sie mit den Kaufschritten bis zum Abschluss fort. Sobald die Bestellung aufgegeben wurde, wird das gekaufte Produkt zusammen mit der Rechnung an die Adresse gesendet, die Sie auf der Website registriert haben.<\/p>\n\t\t\t\t\t\t\t\t\t\t\t\t\t\t\t\t\t\t<\/div>\n\t\t\t\t<\/div>\n\t\t\t\t\t\t\t\n\t\t\t\t<div class=\"wd-accordion-item\">\n\t\t\t\t\t<div class=\"wd-accordion-title wd-role-btn\" data-accordion-index=\"3\" tabindex=\"0\">\n\t\t\t\t\t\t<div class=\"wd-accordion-title-text\">\n\t\t\t\t\t\t\t\t\t\t\t\t\t\t<span>\n\t\t\t\t\t\t\t\t4-Was ist die Grundlage f\u00fcr die Preisgestaltung Ihrer Produkte?\t\t\t\t\t\t\t<\/span>\n\t\t\t\t\t\t<\/div>\n\t\t\t\t\t\t<span class=\"wd-accordion-opener\"><\/span>\n\t\t\t\t\t<\/div>\n\n\t\t\t\t\t<div class=\"wd-accordion-content wd-entry-content\" data-accordion-index=\"3\">\n\t\t\t\t\t\t\t\t\t\t\t\t\t\n\t\t\t\t\t\t\t<p>Das Preissystem basiert auf einer globalen Standardformel, den gemeinsamen Standards der Europ\u00e4ischen Union sowie dem aktuellen Tages- und Spotpreis einer Unze Gold. Die Faktoren, die die Produktpreise beeinflussen, werden auf jeder Produktseite klar und transparent angezeigt.<\/p>\n\t\t\t\t\t\t\t\t\t\t\t\t\t\t\t\t\t\t<\/div>\n\t\t\t\t<\/div>\n\t\t\t\t\t\t\t\n\t\t\t\t<div class=\"wd-accordion-item\">\n\t\t\t\t\t<div class=\"wd-accordion-title wd-role-btn\" data-accordion-index=\"4\" tabindex=\"0\">\n\t\t\t\t\t\t<div class=\"wd-accordion-title-text\">\n\t\t\t\t\t\t\t\t\t\t\t\t\t\t<span>\n\t\t\t\t\t\t\t\t5-Wie kann ich auf der GoldReZ-Website einkaufen?\t\t\t\t\t\t\t<\/span>\n\t\t\t\t\t\t<\/div>\n\t\t\t\t\t\t<span class=\"wd-accordion-opener\"><\/span>\n\t\t\t\t\t<\/div>\n\n\t\t\t\t\t<div class=\"wd-accordion-content wd-entry-content\" data-accordion-index=\"4\">\n\t\t\t\t\t\t\t\t\t\t\t\t\t\n\t\t\t\t\t\t\t<p>Die Schritte f\u00fcr den Einkauf auf der GoldReZ-Website sind wie folgt: Auswahl des gew\u00fcnschten Produkts auf der Website, Durchf\u00fchrung der Online-Zahlung und Abschluss des Vorgangs und anschlie\u00dfend der Versand des Produkts an die von Ihnen registrierte Adresse (Privat- oder Gesch\u00e4ftsadresse).<\/p>\n\t\t\t\t\t\t\t\t\t\t\t\t\t\t\t\t\t\t<\/div>\n\t\t\t\t<\/div>\n\t\t\t\t\t<\/div>\n\t\t\t\t\t\t<\/div>\n\t\t\t\t<\/div>\n\t\t\t\t<\/div>\n\t\t\t\t<\/div>\n\t\t","protected":false},"excerpt":{"rendered":"<p>Wichtige Kundenfragen H\u00c4UFIG GESTELLTE FRAGEN 1-Wie kann man GoldReZ vertrauen? Die GoldReZ-Website verf\u00fcgt \u00fcber ein elektronisches Vertrauenssymbol. Nach dem Start<\/p>\n","protected":false},"author":1,"featured_media":0,"parent":0,"menu_order":0,"comment_status":"closed","ping_status":"closed","template":"","meta":{"footnotes":""},"class_list":["post-29483","page","type-page","status-publish","hentry"],"_links":{"self":[{"href":"https:\/\/goldrez.com\/de\/wp-json\/wp\/v2\/pages\/29483","targetHints":{"allow":["GET"]}}],"collection":[{"href":"https:\/\/goldrez.com\/de\/wp-json\/wp\/v2\/pages"}],"about":[{"href":"https:\/\/goldrez.com\/de\/wp-json\/wp\/v2\/types\/page"}],"author":[{"embeddable":true,"href":"https:\/\/goldrez.com\/de\/wp-json\/wp\/v2\/users\/1"}],"replies":[{"embeddable":true,"href":"https:\/\/goldrez.com\/de\/wp-json\/wp\/v2\/comments?post=29483"}],"version-history":[{"count":2,"href":"https:\/\/goldrez.com\/de\/wp-json\/wp\/v2\/pages\/29483\/revisions"}],"predecessor-version":[{"id":29485,"href":"https:\/\/goldrez.com\/de\/wp-json\/wp\/v2\/pages\/29483\/revisions\/29485"}],"wp:attachment":[{"href":"https:\/\/goldrez.com\/de\/wp-json\/wp\/v2\/media?parent=29483"}],"curies":[{"name":"wp","href":"https:\/\/api.w.org\/{rel}","templated":true}]}}