{"id":29478,"date":"2021-10-12T15:51:09","date_gmt":"2021-10-12T15:51:09","guid":{"rendered":"https:\/\/goldrez.com\/ueber-uns\/"},"modified":"2025-08-30T01:47:52","modified_gmt":"2025-08-30T01:47:52","slug":"ueber-uns","status":"publish","type":"page","link":"https:\/\/goldrez.com\/de\/ueber-uns\/","title":{"rendered":"\u00dcber uns"},"content":{"rendered":"\t\t<div data-elementor-type=\"wp-page\" data-elementor-id=\"29478\" class=\"elementor elementor-29478 elementor-4400\" data-elementor-post-type=\"page\">\n\t\t\t\t<div class=\"wd-negative-gap elementor-element elementor-element-7c7c544 e-flex e-con-boxed e-con e-parent\" data-id=\"7c7c544\" data-element_type=\"container\">\n\t\t\t\t\t<div class=\"e-con-inner\">\n\t\t<div class=\"elementor-element elementor-element-e7cb5cd e-con-full e-flex e-con e-child\" data-id=\"e7cb5cd\" data-element_type=\"container\">\n\t\t\t\t<div class=\"elementor-element elementor-element-56aec39 elementor-widget elementor-widget-wd_image_or_svg\" data-id=\"56aec39\" data-element_type=\"widget\" data-widget_type=\"wd_image_or_svg.default\">\n\t\t\t\t<div class=\"elementor-widget-container\">\n\t\t\t\t\t\n\t\t<div class=\"wd-image text-left\">\n\t\t\t\t\t\t\t\t<img loading=\"lazy\" decoding=\"async\" width=\"624\" height=\"500\" src=\"https:\/\/goldrez.com\/wp-content\/uploads\/2021\/09\/jewellery-girl-welcome-row-1.png\" class=\"attachment-full size-full\" alt=\"\" srcset=\"https:\/\/goldrez.com\/wp-content\/uploads\/2021\/09\/jewellery-girl-welcome-row-1.png 624w, https:\/\/goldrez.com\/wp-content\/uploads\/2021\/09\/jewellery-girl-welcome-row-1-430x345.png 430w, https:\/\/goldrez.com\/wp-content\/uploads\/2021\/09\/jewellery-girl-welcome-row-1-150x120.png 150w\" sizes=\"auto, (max-width: 624px) 100vw, 624px\" \/>\t\t\t\t\t<\/div>\n\n\t\t\t\t\t\t<\/div>\n\t\t\t\t<\/div>\n\t\t\t\t<\/div>\n\t\t<div class=\"elementor-element elementor-element-97d6084 e-con-full e-flex e-con e-child\" data-id=\"97d6084\" data-element_type=\"container\">\n\t\t\t\t<div class=\"elementor-element elementor-element-98d830b wd-width-100 elementor-widget elementor-widget-wd_title\" data-id=\"98d830b\" data-element_type=\"widget\" data-widget_type=\"wd_title.default\">\n\t\t\t\t<div class=\"elementor-widget-container\">\n\t\t\t\t\t\t\t<div class=\"title-wrapper wd-set-mb reset-last-child wd-title-color-primary wd-title-style-default wd-title-size-large text-left\">\n\n\t\t\t\t\t\t\t\t\t\t\t<div class=\"title-subtitle subtitle-color-primary subtitle-style-default wd-fontsize-xs\">\n\t\t\t\t\tGoldRez\t\t\t\t<\/div>\n\t\t\t\n\t\t\t<div class=\"liner-continer\">\n\t\t\t\t<h4 class=\"woodmart-title-container title wd-fontsize-xxl\">\u00dcber uns<br \/>\n<\/h4> \n\t\t\t\t\t\t\t<\/div>\n\n\t\t\t\t\t\t\t<div class=\"title-after_title reset-last-child wd-fontsize-s\">\n\t\t\t\t\t<p>GoldRez \u2013 edler Goldschmuck f\u00fcr besondere Momente<\/p>\t\t\t\t<\/div>\n\t\t\t\t\t<\/div>\n\t\t\t\t\t\t<\/div>\n\t\t\t\t<\/div>\n\t\t\t\t<div class=\"elementor-element elementor-element-66e47ad elementor-widget elementor-widget-wd_text_block\" data-id=\"66e47ad\" data-element_type=\"widget\" data-widget_type=\"wd_text_block.default\">\n\t\t\t\t<div class=\"elementor-widget-container\">\n\t\t\t\t\t\t\t<div class=\"wd-text-block reset-last-child text-left\">\n\t\t\t\n\t\t\t<p>GoldRez steht f\u00fcr modernen, stilvollen Schmuck aus echtem Gold, erg\u00e4nzt durch eine sorgf\u00e4ltig ausgew\u00e4hlte Kollektion aus Edelstahl, Lederwaren und Uhren. Unser Fokus liegt auf hochwertigem Goldschmuck in verschiedenen Karat, der leicht, elegant und zeitlos sch\u00f6n ist \u2013 perfekt f\u00fcr den Alltag sowie f\u00fcr besondere Anl\u00e4sse.<\/p><p>Dank seines geringen Gewichts, vielf\u00e4ltiger Gr\u00f6\u00dfen und einer gro\u00dfen Auswahl an Designs und Goldkarat ist unser Schmuck f\u00fcr Menschen mit sehr unterschiedlichen Stilvorlieben und Budgets geeignet. Ob Sie schlichte Eleganz oder auff\u00e4llige Akzente suchen, bei GoldRez finden Sie das perfekte St\u00fcck.<\/p><p>Ein weiterer Vorteil: Gold ist nicht nur sch\u00f6n, sondern auch eine bleibende Investition. Unser edler Schmuck bietet Ihnen eine stilvolle M\u00f6glichkeit, f\u00fcr die Zukunft zu sparen \u2013 mit echtem Wert in Ihren H\u00e4nden.<\/p><p>Wir setzen auf Qualit\u00e4t, Transparenz und faire Preise, damit Sie Schmuck finden, der nicht nur gl\u00e4nzt, sondern auch Bestand hat.<\/p><p>GoldRez \u2013 Echter Glanz. Echter Stil. Echter Wert.<\/p>\n\t\t\t\t\t<\/div>\n\t\t\t\t\t\t<\/div>\n\t\t\t\t<\/div>\n\t\t<div class=\"elementor-element elementor-element-3eef7d8 e-con-full e-flex e-con e-child\" data-id=\"3eef7d8\" data-element_type=\"container\">\n\t\t\t\t<div class=\"elementor-element elementor-element-cee0b0c elementor-widget__width-auto elementor-widget elementor-widget-wd_text_block\" data-id=\"cee0b0c\" data-element_type=\"widget\" data-widget_type=\"wd_text_block.default\">\n\t\t\t\t<div class=\"elementor-widget-container\">\n\t\t\t\t\t\t\t<div class=\"wd-text-block reset-last-child text-left\">\n\t\t\t\n\t\t\t<p><strong><em>Entwickelt von GoldRez<\/em><\/strong><\/p>\n\t\t\t\t\t<\/div>\n\t\t\t\t\t\t<\/div>\n\t\t\t\t<\/div>\n\t\t\t\t<div class=\"elementor-element elementor-element-ee232e9 elementor-widget__width-auto elementor-hidden-phone elementor-widget elementor-widget-wd_social_buttons\" data-id=\"ee232e9\" data-element_type=\"widget\" data-widget_type=\"wd_social_buttons.default\">\n\t\t\t\t<div class=\"elementor-widget-container\">\n\t\t\t\t\t\t\t\t<div\n\t\t\t\t\t\tclass=\" wd-social-icons wd-style-colored-alt wd-size-small social-share wd-shape-circle color-scheme-dark text-left\">\n\t\t\t\t\n\t\t\t\t\n\t\t\t\t\t\t\t\t\t<a rel=\"noopener noreferrer nofollow\" href=\"https:\/\/www.facebook.com\/sharer\/sharer.php?u=https:\/\/goldrez.com\/de\/ueber-uns\/\" target=\"_blank\" class=\" wd-social-icon social-facebook\" aria-label=\"Facebook social link\">\n\t\t\t\t\t\t<span class=\"wd-icon\"><\/span>\n\t\t\t\t\t\t\t\t\t\t\t<\/a>\n\t\t\t\t\n\t\t\t\t\t\t\t\t\t<a rel=\"noopener noreferrer nofollow\" href=\"https:\/\/x.com\/share?url=https:\/\/goldrez.com\/de\/ueber-uns\/\" target=\"_blank\" class=\" wd-social-icon social-twitter\" aria-label=\"X social link\">\n\t\t\t\t\t\t<span class=\"wd-icon\"><\/span>\n\t\t\t\t\t\t\t\t\t\t\t<\/a>\n\t\t\t\t\n\t\t\t\t\n\t\t\t\t\n\t\t\t\t\n\t\t\t\t\n\t\t\t\t\n\t\t\t\t\t\t\t\t\t<a rel=\"noopener noreferrer nofollow\" href=\"https:\/\/pinterest.com\/pin\/create\/button\/?url=https:\/\/goldrez.com\/de\/ueber-uns\/&media=https:\/\/goldrez.com\/wp-includes\/images\/media\/default.svg&description=%C3%9Cber+uns\" target=\"_blank\" class=\" wd-social-icon social-pinterest\" aria-label=\"Pinterest social link\">\n\t\t\t\t\t\t<span class=\"wd-icon\"><\/span>\n\t\t\t\t\t\t\t\t\t\t\t<\/a>\n\t\t\t\t\n\t\t\t\t\n\t\t\t\t\t\t\t\t\t<a rel=\"noopener noreferrer nofollow\" href=\"https:\/\/www.linkedin.com\/shareArticle?mini=true&url=https:\/\/goldrez.com\/de\/ueber-uns\/\" target=\"_blank\" class=\" wd-social-icon social-linkedin\" aria-label=\"Linkedin social link\">\n\t\t\t\t\t\t<span class=\"wd-icon\"><\/span>\n\t\t\t\t\t\t\t\t\t\t\t<\/a>\n\t\t\t\t\n\t\t\t\t\n\t\t\t\t\n\t\t\t\t\n\t\t\t\t\n\t\t\t\t\n\t\t\t\t\n\t\t\t\t\n\t\t\t\t\n\t\t\t\t\n\t\t\t\t\n\t\t\t\t\n\t\t\t\t\n\t\t\t\t\n\t\t\t\t\n\t\t\t\t\t\t\t\t\t<a rel=\"noopener noreferrer nofollow\" href=\"https:\/\/telegram.me\/share\/url?url=https:\/\/goldrez.com\/de\/ueber-uns\/\" target=\"_blank\" class=\" wd-social-icon social-tg\" aria-label=\"Telegram social link\">\n\t\t\t\t\t\t<span class=\"wd-icon\"><\/span>\n\t\t\t\t\t\t\t\t\t\t\t<\/a>\n\t\t\t\t\n\t\t\t\t\n\t\t\t<\/div>\n\n\t\t\t\t\t\t<\/div>\n\t\t\t\t<\/div>\n\t\t\t\t<\/div>\n\t\t\t\t<\/div>\n\t\t\t\t\t<\/div>\n\t\t\t\t<\/div>\n\t\t\t\t<\/div>\n\t\t","protected":false},"excerpt":{"rendered":"<p>GoldRez \u00dcber uns GoldRez \u2013 edler Goldschmuck f\u00fcr besondere Momente GoldRez steht f\u00fcr modernen, stilvollen Schmuck aus echtem Gold, erg\u00e4nzt<\/p>\n","protected":false},"author":1,"featured_media":0,"parent":0,"menu_order":0,"comment_status":"closed","ping_status":"closed","template":"","meta":{"footnotes":""},"class_list":["post-29478","page","type-page","status-publish","hentry"],"_links":{"self":[{"href":"https:\/\/goldrez.com\/de\/wp-json\/wp\/v2\/pages\/29478","targetHints":{"allow":["GET"]}}],"collection":[{"href":"https:\/\/goldrez.com\/de\/wp-json\/wp\/v2\/pages"}],"about":[{"href":"https:\/\/goldrez.com\/de\/wp-json\/wp\/v2\/types\/page"}],"author":[{"embeddable":true,"href":"https:\/\/goldrez.com\/de\/wp-json\/wp\/v2\/users\/1"}],"replies":[{"embeddable":true,"href":"https:\/\/goldrez.com\/de\/wp-json\/wp\/v2\/comments?post=29478"}],"version-history":[{"count":4,"href":"https:\/\/goldrez.com\/de\/wp-json\/wp\/v2\/pages\/29478\/revisions"}],"predecessor-version":[{"id":29657,"href":"https:\/\/goldrez.com\/de\/wp-json\/wp\/v2\/pages\/29478\/revisions\/29657"}],"wp:attachment":[{"href":"https:\/\/goldrez.com\/de\/wp-json\/wp\/v2\/media?parent=29478"}],"curies":[{"name":"wp","href":"https:\/\/api.w.org\/{rel}","templated":true}]}}